{"id":1624,"date":"2020-12-21T09:58:12","date_gmt":"2020-12-21T08:58:12","guid":{"rendered":"https:\/\/www.residencenordik.com\/?page_id=1624"},"modified":"2024-11-14T14:56:23","modified_gmt":"2024-11-14T13:56:23","slug":"preise-und-leistungen","status":"publish","type":"page","link":"https:\/\/www.residencenordik.com\/de\/preise-und-leistungen\/","title":{"rendered":"Preise &#038; Leistungen"},"content":{"rendered":"\t\t<div data-elementor-type=\"wp-page\" data-elementor-id=\"1624\" class=\"elementor elementor-1624\">\n\t\t\t\t\t\t<section class=\"elementor-section elementor-top-section elementor-element elementor-element-73edb41 elementor-section-boxed elementor-section-height-default elementor-section-height-default\" data-id=\"73edb41\" data-element_type=\"section\" data-settings=\"{&quot;background_background&quot;:&quot;classic&quot;}\">\n\t\t\t\t\t\t\t<div class=\"elementor-background-overlay\"><\/div>\n\t\t\t\t\t\t\t<div class=\"elementor-container elementor-column-gap-default\">\n\t\t\t\t\t<div class=\"elementor-column elementor-col-100 elementor-top-column elementor-element elementor-element-6a596d8\" data-id=\"6a596d8\" data-element_type=\"column\">\n\t\t\t<div class=\"elementor-widget-wrap elementor-element-populated\">\n\t\t\t\t\t\t<div class=\"elementor-element elementor-element-1dee1a0 elementor-widget elementor-widget-heading\" data-id=\"1dee1a0\" data-element_type=\"widget\" data-widget_type=\"heading.default\">\n\t\t\t\t<div class=\"elementor-widget-container\">\n\t\t\t\t\t<h1 class=\"elementor-heading-title elementor-size-default\">Preise &amp; Leistungen<\/h1>\t\t\t\t<\/div>\n\t\t\t\t<\/div>\n\t\t\t\t\t<\/div>\n\t\t<\/div>\n\t\t\t\t\t<\/div>\n\t\t<\/section>\n\t\t\t\t<section class=\"elementor-section elementor-top-section elementor-element elementor-element-3d295170 elementor-section-boxed elementor-section-height-default elementor-section-height-default\" data-id=\"3d295170\" data-element_type=\"section\">\n\t\t\t\t\t\t<div class=\"elementor-container elementor-column-gap-default\">\n\t\t\t\t\t<div class=\"elementor-column elementor-col-100 elementor-top-column elementor-element elementor-element-63398314\" data-id=\"63398314\" data-element_type=\"column\">\n\t\t\t<div class=\"elementor-widget-wrap elementor-element-populated\">\n\t\t\t\t\t\t<div class=\"elementor-element elementor-element-34a1bbdc elementor-widget elementor-widget-text-editor\" data-id=\"34a1bbdc\" data-element_type=\"widget\" data-widget_type=\"text-editor.default\">\n\t\t\t\t<div class=\"elementor-widget-container\">\n\t\t\t\t\t\t\t\t\t<p><\/p>\n<figure>\n<p><span style=\"font-size: 16px;\">Hier finden Sie alle unsere Preise f\u00fcr die 1-Zimmer und 2-Zimmer <a href=\"https:\/\/www.residencenordik.com\/de\/ferienwohnungen-sexten-moos\/\">Appartements<\/a> der Residence und Dependance Nordik in Sexten Moos, in der Dolomitenregion 3 Zinnen. Die Preise variieren je nach Saison.&nbsp;<\/span><span style=\"font-size: 16px;\">Bei Fragen <\/span><a style=\"font-size: 16px; font-weight: inherit; background-color: #ffffff;\" href=\"https:\/\/www.residencenordik.com\/de\/kontakt\">kontaktieren <\/a><span style=\"font-size: 16px;\">sie uns gerne jederzeit.<\/span><\/p>\n<figcaption>\n<table>\n<tbody>\n<tr>\n<td>&nbsp;<\/td>\n<td style=\"text-align: center;\">Hochsaison*<\/td>\n<td style=\"text-align: center;\">Nebensaison**<\/td>\n<\/tr>\n<tr>\n<td>2-Zimmer Appartement &#8222;Zehner&#8220; (2-3 Pers.) &#8211; Residence<\/td>\n<td style=\"text-align: center;\">125 \u20ac<\/td>\n<td style=\"text-align: center;\">105 \u20ac<\/td>\n<\/tr>\n<tr>\n<td>2-Zimmer Appartement &#8222;Stiergarten&#8220; (2-3 Pers.) &#8211; Residence<\/td>\n<td style=\"text-align: center;\">115 \u20ac<\/td>\n<td style=\"text-align: center;\">100 \u20ac<\/td>\n<\/tr>\n<tr>\n<td>1-Zimmer Appartement &#8222;Elfer&#8220; (2 Pers.) &#8211; Residence<\/td>\n<td style=\"text-align: center;\">110 \u20ac<\/td>\n<td style=\"text-align: center;\">95 \u20ac<\/td>\n<\/tr>\n<tr>\n<td>1-Zimmer Appartement &#8222;Einser&#8220; (2 Pers.) &#8211; Dependance<\/td>\n<td style=\"text-align: center;\">120 \u20ac<\/td>\n<td style=\"text-align: center;\">110 \u20ac<\/td>\n<\/tr>\n<tr>\n<td>1-Zimmer Appartement &#8222;Helm&#8220; (2 Pers.) &#8211; Dependance<\/td>\n<td style=\"text-align: center;\">110 \u20ac<\/td>\n<td style=\"text-align: center;\">100 \u20ac<\/td>\n<\/tr>\n<\/tbody>\n<\/table>\n<p><span style=\"font-size: 16px; font-style: normal;\">Die Preise verstehen sich pro Wohnung und Tag bei einer Belegung von bis zu 2 Personen, zzgl. Ortstaxe (2,50 \u20ac\/Person und Tag) und 35 \u20ac Endreinigung.<\/span><\/p>\n<p>*Hochsaison: 21.12.2024 &#8211; 6.1.2025 und 9.2.2025 &#8211; 9.3.2025, 12.07.2025 &#8211; 24.08.2025, 20.12.2025 &#8211; 6.1.2026<br>**Nebensaison: alle Tage welche nicht in die Hochsaison fallen<\/p>\n<\/figcaption>\n<figcaption><\/figcaption>\n<figcaption><\/figcaption>\n<\/figure>\n<p><\/p>\n<p><\/p>\n<p><\/p>\t\t\t\t\t\t\t\t<\/div>\n\t\t\t\t<\/div>\n\t\t\t\t<div class=\"elementor-element elementor-element-f6322af elementor-mobile-align-center elementor-widget elementor-widget-button\" data-id=\"f6322af\" data-element_type=\"widget\" data-widget_type=\"button.default\">\n\t\t\t\t<div class=\"elementor-widget-container\">\n\t\t\t\t\t\t\t\t\t<div class=\"elementor-button-wrapper\">\n\t\t\t\t\t<a class=\"elementor-button elementor-button-link elementor-size-sm\" href=\"https:\/\/www.residencenordik.com\/de\/ferienwohnungen-sexten-moos\/\">\n\t\t\t\t\t\t<span class=\"elementor-button-content-wrapper\">\n\t\t\t\t\t\t\t\t\t<span class=\"elementor-button-text\">Appartements<\/span>\n\t\t\t\t\t<\/span>\n\t\t\t\t\t<\/a>\n\t\t\t\t<\/div>\n\t\t\t\t\t\t\t\t<\/div>\n\t\t\t\t<\/div>\n\t\t\t\t\t<\/div>\n\t\t<\/div>\n\t\t\t\t\t<\/div>\n\t\t<\/section>\n\t\t\t\t<section class=\"elementor-section elementor-top-section elementor-element elementor-element-50c5105 elementor-section-boxed elementor-section-height-default elementor-section-height-default\" data-id=\"50c5105\" data-element_type=\"section\">\n\t\t\t\t\t\t<div class=\"elementor-container elementor-column-gap-default\">\n\t\t\t\t\t<div class=\"elementor-column elementor-col-100 elementor-top-column elementor-element elementor-element-23f0801\" data-id=\"23f0801\" data-element_type=\"column\">\n\t\t\t<div class=\"elementor-widget-wrap elementor-element-populated\">\n\t\t\t\t\t\t<div class=\"elementor-element elementor-element-f5880bc elementor-widget elementor-widget-heading\" data-id=\"f5880bc\" data-element_type=\"widget\" data-widget_type=\"heading.default\">\n\t\t\t\t<div class=\"elementor-widget-container\">\n\t\t\t\t\t<h2 class=\"elementor-heading-title elementor-size-default\">Kostenlose Nutzung \u00d6PNV<\/h2>\t\t\t\t<\/div>\n\t\t\t\t<\/div>\n\t\t\t\t<div class=\"elementor-element elementor-element-6802322 elementor-widget elementor-widget-text-editor\" data-id=\"6802322\" data-element_type=\"widget\" data-widget_type=\"text-editor.default\">\n\t\t\t\t<div class=\"elementor-widget-container\">\n\t\t\t\t\t\t\t\t\t<p>Zum Wohle unserer Umwelt ermutigen wir Sie, wenn m\u00f6glich, mit den \u00f6ffentlichen Verkehrsmitteln anzureisen und das top ausgebaute Verkehrsnetz der <a href=\"http:\/\/www.sii.bz.it\/de\">S\u00fcdtiroler Verkehrsbetriebe<\/a> vor Ort zu nutzen. Bei einem Aufenthalt im Winter, von Dezember bis einschlie\u00dflich April, nutzen Sie zudem die \u00f6ffentlichen Verkehrsmittel in ganz S\u00fcdtirol kostenlos. Hierzu h\u00e4ndigen wir jedem Gast nach Ankunft den HOLIDAYPASS aus.<\/p>\n<p>Alle Infos und Details bez\u00fcglich HOLIDAYPASS\u00a0<a href=\"https:\/\/www.drei-zinnen.info\/de\/unterkuenfte\/vorteilskarten\/holidaypass.html\" target=\"_blank\" rel=\"noopener\">finden sie hier<\/a>. Fahrpl\u00e4ne der \u00f6ffentlichen Verkehrsmittel S\u00fcdtirols finden Sie unter\u00a0<a style=\"font-size: 16px; font-style: normal; font-weight: inherit; background-color: #ffffff;\" href=\"http:\/\/www.suedtirolmobil.info\/\">www.suedtirolmobil.info<\/a><span style=\"font-size: 16px; font-style: normal; font-weight: 400;\">.<\/span><\/p>\t\t\t\t\t\t\t\t<\/div>\n\t\t\t\t<\/div>\n\t\t\t\t<div class=\"elementor-element elementor-element-f1027a6 elementor-widget elementor-widget-heading\" data-id=\"f1027a6\" data-element_type=\"widget\" data-widget_type=\"heading.default\">\n\t\t\t\t<div class=\"elementor-widget-container\">\n\t\t\t\t\t<h2 class=\"elementor-heading-title elementor-size-default\">Inklusivleistungen<\/h2>\t\t\t\t<\/div>\n\t\t\t\t<\/div>\n\t\t\t\t<div class=\"elementor-element elementor-element-f4d4864 elementor-widget elementor-widget-text-editor\" data-id=\"f4d4864\" data-element_type=\"widget\" data-widget_type=\"text-editor.default\">\n\t\t\t\t<div class=\"elementor-widget-container\">\n\t\t\t\t\t\t\t\t\t<p>Alle Appartements sind ausgestattet mit:<\/p>\n<ul>\n<li>WiFi<\/li>\n<li>Balkon<\/li>\n<li>TV<\/li>\n<li>Kochnische<\/li>\n<li>K\u00fchlschrank<\/li>\n<li>Kaffeemaschine<\/li>\n<li>Wasserkocher<\/li>\n<li>Bad mit Bidet<\/li>\n<\/ul>\n<p>Au\u00dferdem stehen Ihnen zur Verf\u00fcgung:<\/p>\n<ul>\n<li>Privater Parkplatz im Freien<\/li>\n<li>Skiraum<\/li>\n<li>Skischuhtrockner<\/li>\n<\/ul>\t\t\t\t\t\t\t\t<\/div>\n\t\t\t\t<\/div>\n\t\t\t\t<div class=\"elementor-element elementor-element-8066341 elementor-widget elementor-widget-heading\" data-id=\"8066341\" data-element_type=\"widget\" data-widget_type=\"heading.default\">\n\t\t\t\t<div class=\"elementor-widget-container\">\n\t\t\t\t\t<h2 class=\"elementor-heading-title elementor-size-default\">Zusatzleistungen auf Anfrage<\/h2>\t\t\t\t<\/div>\n\t\t\t\t<\/div>\n\t\t\t\t<div class=\"elementor-element elementor-element-5b0c595 elementor-widget elementor-widget-text-editor\" data-id=\"5b0c595\" data-element_type=\"widget\" data-widget_type=\"text-editor.default\">\n\t\t\t\t<div class=\"elementor-widget-container\">\n\t\t\t\t\t\t\t\t\t<p style=\"font-size: 16px; font-style: normal; font-weight: 400;\">F\u00fcr optionale Zusatzleistungen fallen folgende Kosten an:<\/p>\n<div style=\"font-size: 16px; font-style: normal; font-weight: 400;\">\n<ul style=\"font-size: 16px; font-style: normal; font-weight: 400;\">\n<li style=\"font-size: 16px;\">Zus\u00e4tzliche Person: 15 \u20ac \/ Tag<\/li>\n<li style=\"font-size: 16px;\">Hunde: 10 \u20ac \/ Tag<\/li>\n<li style=\"font-size: 16px;\">Garagenparkplatz: 10 \u20ac \/ Tag<\/li>\n<li style=\"font-size: 16px;\"><span style=\"font-size: 16px;\">Verwendung Waschmaschine: 3 \u20ac \/ Waschgang<\/span><\/li>\n<li style=\"font-size: 16px;\">Mikrowelle: kostenlos<\/li>\n<li style=\"font-size: 16px;\">Toaster: kostenlos<\/li>\n<li style=\"font-size: 16px;\">Haartrockner: kostenlos<\/li>\n<\/ul>\n<\/div>\t\t\t\t\t\t\t\t<\/div>\n\t\t\t\t<\/div>\n\t\t\t\t\t<\/div>\n\t\t<\/div>\n\t\t\t\t\t<\/div>\n\t\t<\/section>\n\t\t\t\t<\/div>\n\t\t","protected":false},"excerpt":{"rendered":"<p>Preise &amp; Leistungen Hier finden Sie alle unsere Preise f\u00fcr die 1-Zimmer und 2-Zimmer Appartements der Residence und Dependance Nordik in Sexten Moos, in der Dolomitenregion 3 Zinnen. Die Preise variieren je nach Saison.&nbsp;Bei Fragen kontaktieren sie uns gerne jederzeit. &nbsp; Hochsaison* Nebensaison** 2-Zimmer Appartement &#8222;Zehner&#8220; (2-3 Pers.) &#8211; Residence 125 \u20ac 105 \u20ac 2-Zimmer &hellip;<\/p>\n<p class=\"read-more\"> <a class=\"\" href=\"https:\/\/www.residencenordik.com\/de\/preise-und-leistungen\/\"> <span class=\"screen-reader-text\">Preise &#038; Leistungen<\/span> Weiterlesen &raquo;<\/a><\/p>\n","protected":false},"author":1,"featured_media":0,"parent":0,"menu_order":0,"comment_status":"closed","ping_status":"closed","template":"","meta":{"site-sidebar-layout":"no-sidebar","site-content-layout":"page-builder","ast-global-header-display":"","ast-main-header-display":"","ast-hfb-above-header-display":"","ast-hfb-below-header-display":"","ast-hfb-mobile-header-display":"","site-post-title":"disabled","ast-breadcrumbs-content":"","ast-featured-img":"","footer-sml-layout":"","theme-transparent-header-meta":"default","adv-header-id-meta":"","stick-header-meta":"","header-above-stick-meta":"","header-main-stick-meta":"","header-below-stick-meta":"","footnotes":""},"class_list":["post-1624","page","type-page","status-publish","hentry"],"_links":{"self":[{"href":"https:\/\/www.residencenordik.com\/de\/wp-json\/wp\/v2\/pages\/1624","targetHints":{"allow":["GET"]}}],"collection":[{"href":"https:\/\/www.residencenordik.com\/de\/wp-json\/wp\/v2\/pages"}],"about":[{"href":"https:\/\/www.residencenordik.com\/de\/wp-json\/wp\/v2\/types\/page"}],"author":[{"embeddable":true,"href":"https:\/\/www.residencenordik.com\/de\/wp-json\/wp\/v2\/users\/1"}],"replies":[{"embeddable":true,"href":"https:\/\/www.residencenordik.com\/de\/wp-json\/wp\/v2\/comments?post=1624"}],"version-history":[{"count":10,"href":"https:\/\/www.residencenordik.com\/de\/wp-json\/wp\/v2\/pages\/1624\/revisions"}],"predecessor-version":[{"id":3757,"href":"https:\/\/www.residencenordik.com\/de\/wp-json\/wp\/v2\/pages\/1624\/revisions\/3757"}],"wp:attachment":[{"href":"https:\/\/www.residencenordik.com\/de\/wp-json\/wp\/v2\/media?parent=1624"}],"curies":[{"name":"wp","href":"https:\/\/api.w.org\/{rel}","templated":true}]}}